{"id":21,"date":"2019-09-10T15:38:05","date_gmt":"2019-09-10T13:38:05","guid":{"rendered":"http:\/\/nordicwalkingpalma.com\/mamis\/?page_id=21"},"modified":"2019-12-27T13:19:59","modified_gmt":"2019-12-27T12:19:59","slug":"que-es-mamis-en-marxa","status":"publish","type":"page","link":"http:\/\/nordicwalkingpalma.com\/mamis\/que-es-mamis-en-marxa\/","title":{"rendered":"\u00bfQu\u00e9 es Mamis en Marxa?"},"content":{"rendered":"<p>[et_pb_section fb_built=\u00bb1&#8243; fullwidth=\u00bbon\u00bb _builder_version=\u00bb3.17.6&#8243; background_image=\u00bbhttp:\/\/nordicwalkingpalma.com\/mamis\/wp-content\/uploads\/2019\/12\/Que-es-mamis-en-marxa.jpg\u00bb custom_padding=\u00bb50px|0px|50px|0px\u00bb][et_pb_fullwidth_header title=\u00bb\u00bfQu\u00e9 es Mamis en Marxa?\u00bb _builder_version=\u00bb3.17.6&#8243; title_font=\u00bbAbel|700|||||||\u00bb title_text_align=\u00bbcenter\u00bb background_color=\u00bbrgba(255, 255, 255, 0)\u00bb button_one_text_size__hover_enabled=\u00bboff\u00bb button_two_text_size__hover_enabled=\u00bboff\u00bb button_one_text_color__hover_enabled=\u00bboff\u00bb button_two_text_color__hover_enabled=\u00bboff\u00bb button_one_border_width__hover_enabled=\u00bboff\u00bb button_two_border_width__hover_enabled=\u00bboff\u00bb button_one_border_color__hover_enabled=\u00bboff\u00bb button_two_border_color__hover_enabled=\u00bboff\u00bb button_one_border_radius__hover_enabled=\u00bboff\u00bb button_two_border_radius__hover_enabled=\u00bboff\u00bb button_one_letter_spacing__hover_enabled=\u00bboff\u00bb button_two_letter_spacing__hover_enabled=\u00bboff\u00bb button_one_bg_color__hover_enabled=\u00bboff\u00bb button_two_bg_color__hover_enabled=\u00bboff\u00bb]<br \/>\n[\/et_pb_fullwidth_header][\/et_pb_section][et_pb_section fb_built=\u00bb1&#8243; _builder_version=\u00bb3.17.6&#8243; custom_margin=\u00bb30px|0px|30px|0px|true|true\u00bb custom_padding=\u00bb30px|0px|30px|0px|true|true\u00bb][et_pb_row make_fullwidth=\u00bbon\u00bb custom_padding=\u00bb0px|0px|0px|0px|true|true\u00bb custom_margin=\u00bb0px||0px||true|false\u00bb padding_top_bottom_link_1=\u00bbtrue\u00bb padding_left_right_link_1=\u00bbtrue\u00bb padding_top_1=\u00bb0px\u00bb padding_right_1=\u00bb0px\u00bb padding_bottom_1=\u00bb0px\u00bb padding_left_1=\u00bb0px\u00bb _builder_version=\u00bb3.17.6&#8243; module_alignment=\u00bbcenter\u00bb][et_pb_column type=\u00bb4_4&#8243; _builder_version=\u00bb3.0.47&#8243; padding_bottom=\u00bb0px\u00bb padding_left=\u00bb0px\u00bb padding_right=\u00bb0px\u00bb padding_top=\u00bb0px\u00bb parallax=\u00bboff\u00bb parallax_method=\u00bbon\u00bb][et_pb_text _builder_version=\u00bb3.17.6&#8243; text_font=\u00bb|300|||||||\u00bb text_font_size=\u00bb16px\u00bb custom_margin=\u00bb0px|0px|0px|0px|true|true\u00bb custom_padding=\u00bb0px|0px|0px|0px|true|true\u00bb]<\/p>\n<p><strong>Mamis en Marxa<\/strong> es un grupo espec\u00edfico de marcha n\u00f3rdica creado exclusivamente para <strong>madres con sus beb\u00e9s y para embarazadas<\/strong>. Los numerosos beneficios del Nordic Walking se adecuan\u00a0perfectamente a este colectivo.<\/p>\n<p>La marcha n\u00f3rdica es un <strong>deporte cardiosaludable<\/strong> que nos ayuda a controlar el peso y a reforzar el\u00a0sistema inmunol\u00f3gico. Caminar con bastones nos aporta estabilidad y equilibrio, corrigiendo la\u00a0<strong>postura<\/strong>, evitando la deambulaci\u00f3n de la pelvis (tan frecuente en les embarazadas) y favoreciendo\u00a0<strong>la autolongaci\u00f3n<\/strong>. Se trabaja la musculatura sin tensionarla,\u00a0<strong>cuidando la faja\u00a0abdominal y el suelo p\u00e9lvico<\/strong>.<\/p>\n<p>En el caso de las embarazadas, a partir del 3r mes, los expertos recomiendan <strong>actividad aer\u00f3bica<\/strong> de\u00a020-30 minutos que no sea brusca ni competitiva. Adem\u00e1s, practicar un deporte como la marcha n\u00f3rdica,\u00a0<strong>ayuda al trabajo de parto<\/strong>.<\/p>\n<p>Una vez las madres ya tienen su beb\u00e9, y los m\u00e9dicos lo autoricen, es ideal practicar este deporte para favorecer la <strong>recuperaci\u00f3n f\u00edsica y emocional<\/strong>, adem\u00e1s favorecemos el <strong>v\u00ednculo sagrado madre-hijo<\/strong>. Nos encargamos tambi\u00e9n de asesorar en el <strong>porteo seguro y ergon\u00f3mico<\/strong>, con fulars o mochilas. Todo en un <strong>ambiente tranquilo<\/strong>, marcado por el ritme de los beb\u00e9s, la lactancia, los cambios de pa\u00f1ales, etc.\u00a0siempre desde <strong>el cuidado y el respeto por la crianza.<\/strong><\/p>\n<p><strong>Es un espacio de encuentro<\/strong>, en la Biogranja la Real, donde damos tiempo para compartir vivencias,\u00a0experiencias, inquietudes, miedos, y nos acompa\u00f1amos en estos momentos de vital importancia. Despu\u00e9s salimos a <strong>caminar juntas<\/strong>, hacemos marcha n\u00f3rdica y continuamos con nuestras conversaciones.<br \/>La duraci\u00f3n de la caminata depende de muchos factores: la ruta, de los meses de gestaci\u00f3n, del estado de los beb\u00e9s (per norma general se suelen dormir) &#8230; y la verdad es que disfrutamos muchos.<\/p>\n<p>Adem\u00e1s, est\u00e1 previsto organizar excursiones familiares para el fin de semana, encuentros, charlas&#8230;<\/p>\n<p>\u00bfTe animas a formar parte?<\/p>\n<p>[\/et_pb_text][\/et_pb_column][\/et_pb_row][\/et_pb_section][et_pb_section fb_built=\u00bb1&#8243; _builder_version=\u00bb3.17.6&#8243; custom_margin=\u00bb0px|0px|30px|0px|false|true\u00bb custom_padding=\u00bb0px|0px|0px|0px|true|true\u00bb][et_pb_row make_fullwidth=\u00bbon\u00bb custom_padding=\u00bb0px|0px|0px|0px|true|true\u00bb custom_margin=\u00bb0px||0px||true|true\u00bb padding_top_bottom_link_1=\u00bbtrue\u00bb padding_left_right_link_1=\u00bbtrue\u00bb padding_top_1=\u00bb0px\u00bb padding_right_1=\u00bb0px\u00bb padding_bottom_1=\u00bb0px\u00bb padding_left_1=\u00bb0px\u00bb _builder_version=\u00bb3.17.6&#8243; module_alignment=\u00bbcenter\u00bb][et_pb_column type=\u00bb4_4&#8243; _builder_version=\u00bb3.0.47&#8243; padding_bottom=\u00bb0px\u00bb padding_left=\u00bb0px\u00bb padding_right=\u00bb0px\u00bb padding_top=\u00bb0px\u00bb parallax=\u00bboff\u00bb parallax_method=\u00bbon\u00bb][et_pb_button button_url=\u00bbhttp:\/\/nordicwalkingpalma.com\/mamis\/contacto\/\u00bb button_text=\u00bbPide m\u00e1s informaci\u00f3n\u00bb button_alignment=\u00bbleft\u00bb _builder_version=\u00bb3.17.6&#8243; custom_button=\u00bbon\u00bb button_border_width=\u00bb0px\u00bb button_border_radius=\u00bb0px\u00bb button_font=\u00bb|300|||||||\u00bb button_icon=\u00bb%%20%%\u00bb button_on_hover=\u00bboff\u00bb custom_margin=\u00bb0px|0px|0px|0px|true|true\u00bb custom_padding=\u00bb0px|0px|0px|0px|true|true\u00bb]<br \/>\n[\/et_pb_button][\/et_pb_column][\/et_pb_row][\/et_pb_section]<\/p>\n","protected":false},"excerpt":{"rendered":"<p>Mamis en Marxa es un grupo espec\u00edfico de marcha n\u00f3rdica creado exclusivamente para madres con sus beb\u00e9s y para embarazadas. Los numerosos beneficios del Nordic Walking se adecuan\u00a0perfectamente a este colectivo.La marcha n\u00f3rdica es un deporte cardiosaludable que nos ayuda a controlar el peso y a reforzar el\u00a0sistema inmunol\u00f3gico. Caminar con bastones nos aporta estabilidad [&hellip;]<\/p>\n","protected":false},"author":1,"featured_media":0,"parent":0,"menu_order":0,"comment_status":"closed","ping_status":"closed","template":"","meta":{"_et_pb_use_builder":"on","_et_pb_old_content":"","_et_gb_content_width":""},"_links":{"self":[{"href":"http:\/\/nordicwalkingpalma.com\/mamis\/wp-json\/wp\/v2\/pages\/21"}],"collection":[{"href":"http:\/\/nordicwalkingpalma.com\/mamis\/wp-json\/wp\/v2\/pages"}],"about":[{"href":"http:\/\/nordicwalkingpalma.com\/mamis\/wp-json\/wp\/v2\/types\/page"}],"author":[{"embeddable":true,"href":"http:\/\/nordicwalkingpalma.com\/mamis\/wp-json\/wp\/v2\/users\/1"}],"replies":[{"embeddable":true,"href":"http:\/\/nordicwalkingpalma.com\/mamis\/wp-json\/wp\/v2\/comments?post=21"}],"version-history":[{"count":26,"href":"http:\/\/nordicwalkingpalma.com\/mamis\/wp-json\/wp\/v2\/pages\/21\/revisions"}],"predecessor-version":[{"id":375,"href":"http:\/\/nordicwalkingpalma.com\/mamis\/wp-json\/wp\/v2\/pages\/21\/revisions\/375"}],"wp:attachment":[{"href":"http:\/\/nordicwalkingpalma.com\/mamis\/wp-json\/wp\/v2\/media?parent=21"}],"curies":[{"name":"wp","href":"https:\/\/api.w.org\/{rel}","templated":true}]}}