{"id":23,"date":"2019-09-10T15:38:57","date_gmt":"2019-09-10T13:38:57","guid":{"rendered":"http:\/\/nordicwalkingpalma.com\/mamis\/?page_id=23"},"modified":"2020-08-31T13:14:04","modified_gmt":"2020-08-31T11:14:04","slug":"pre-parto","status":"publish","type":"page","link":"http:\/\/nordicwalkingpalma.com\/mamis\/pre-parto\/","title":{"rendered":"Pre-parto"},"content":{"rendered":"<p>[et_pb_section bb_built=\u00bb1&#8243; fullwidth=\u00bbon\u00bb _builder_version=\u00bb3.17.6&#8243; background_image=\u00bbhttp:\/\/nordicwalkingpalma.com\/mamis\/wp-content\/uploads\/2019\/12\/prepart3.jpg\u00bb border_color_all=\u00bb#ffffff\u00bb border_style_all=\u00bbnone\u00bb custom_margin=\u00bb30px|0px|30px|0px|true|true\u00bb custom_padding=\u00bb50px|0px|50px|0px|true|true\u00bb top_divider_height=\u00bb0px\u00bb next_background_color=\u00bb#ffffff\u00bb][et_pb_fullwidth_header title=\u00bbPre-parto\u00bb _builder_version=\u00bb3.17.6&#8243; title_font=\u00bbAbel|700|||||||\u00bb title_text_align=\u00bbcenter\u00bb subhead_font=\u00bb||||||||\u00bb background_color=\u00bbrgba(255,255,255,0)\u00bb button_one_text_size__hover_enabled=\u00bboff\u00bb button_two_text_size__hover_enabled=\u00bboff\u00bb button_one_text_color__hover_enabled=\u00bboff\u00bb button_two_text_color__hover_enabled=\u00bboff\u00bb button_one_border_width__hover_enabled=\u00bboff\u00bb button_two_border_width__hover_enabled=\u00bboff\u00bb button_one_border_color__hover_enabled=\u00bboff\u00bb button_two_border_color__hover_enabled=\u00bboff\u00bb button_one_border_radius__hover_enabled=\u00bboff\u00bb button_two_border_radius__hover_enabled=\u00bboff\u00bb button_one_letter_spacing__hover_enabled=\u00bboff\u00bb button_two_letter_spacing__hover_enabled=\u00bboff\u00bb button_one_bg_color__hover_enabled=\u00bboff\u00bb button_two_bg_color__hover_enabled=\u00bboff\u00bb]<\/p>\n<p><\/p>\n<p>[\/et_pb_fullwidth_header][\/et_pb_section][et_pb_section bb_built=\u00bb1&#8243; _builder_version=\u00bb3.17.6&#8243; custom_margin=\u00bb30px|0px|30px|0px|true|true\u00bb custom_padding=\u00bb30px|0px|30px|0px|true|true\u00bb prev_background_color=\u00bb#000000&#8243; next_background_color=\u00bb#000000&#8243;][et_pb_row make_fullwidth=\u00bbon\u00bb custom_padding=\u00bb0px|0px|0px|0px|true|true\u00bb custom_margin=\u00bb0px||0px||true\u00bb padding_top_bottom_link_1=\u00bbtrue\u00bb padding_left_right_link_1=\u00bbtrue\u00bb padding_top_1=\u00bb0px\u00bb padding_right_1=\u00bb0px\u00bb padding_bottom_1=\u00bb0px\u00bb padding_left_1=\u00bb0px\u00bb _builder_version=\u00bb3.17.6&#8243; module_alignment=\u00bbcenter\u00bb][et_pb_column type=\u00bb4_4&#8243;][et_pb_text _builder_version=\u00bb3.17.6&#8243; text_font=\u00bb|300|||||||\u00bb text_font_size=\u00bb16px\u00bb custom_margin=\u00bb0px|0px|0px|0px|true|true\u00bb custom_padding=\u00bb0px|0px|0px|0px|true|true\u00bb]<\/p>\n<p>A partir de las 12 semanas de gestaci\u00f3n, los\/as expertos\/as recomiendan actividad aer\u00f3bica que no sea brusca ni competitiva. La marcha n\u00f3rdica es un deporte saludable que ayuda a las embarazadas a controlar el peso y a reforzar el sistema inmunol\u00f3gico. Adem\u00e1s, caminar con bastones aporta estabilidad y equilibrio, corrigiendo la postura, evitando la anteversi\u00f3n de la pelvis (tan frecuente en el embarazo) y favoreciendo la elongaci\u00f3n.<\/p>\n<p>Se ejercita el 90% de la musculatura sin tensionarla, protegiendo y reforzando la faja abdominal y el suelo p\u00e9lvico, siendo de ayuda para el trabajo de parto.<\/p>\n<p>Caminamos juntas, al aire libre, nos relacionamos, compartimos vivencias, experiencias, miedos&#8230;Nos acompa\u00f1amos en estos momentos de vital importancia.<\/p>\n<h4>\u00a0<\/h4>\n<p>[\/et_pb_text][\/et_pb_column][\/et_pb_row][\/et_pb_section][et_pb_section bb_built=\u00bb1&#8243; _builder_version=\u00bb3.17.6&#8243; module_alignment=\u00bbcenter\u00bb custom_margin=\u00bb0px|0px|30px|0px|false|true\u00bb custom_padding=\u00bb0px|0px|0px|0px|true|true\u00bb prev_background_color=\u00bb#000000&#8243;][et_pb_row make_fullwidth=\u00bbon\u00bb custom_padding=\u00bb0px|0px|0px|0px|true|true\u00bb custom_margin=\u00bb0px||0px||true|true\u00bb padding_top_bottom_link_1=\u00bbtrue\u00bb padding_left_right_link_1=\u00bbtrue\u00bb padding_top_1=\u00bb0px\u00bb padding_right_1=\u00bb0px\u00bb padding_bottom_1=\u00bb0px\u00bb padding_left_1=\u00bb0px\u00bb _builder_version=\u00bb3.17.6&#8243; module_alignment=\u00bbcenter\u00bb][et_pb_column type=\u00bb4_4&#8243;][et_pb_button button_url=\u00bbhttp:\/\/nordicwalkingpalma.com\/mamis\/contacto\/\u00bb button_text=\u00bbPide m\u00e1s informaci\u00f3n\u00bb button_alignment=\u00bbleft\u00bb _builder_version=\u00bb3.17.6&#8243; custom_button=\u00bbon\u00bb button_border_width=\u00bb0px\u00bb button_border_radius=\u00bb0px\u00bb button_font=\u00bb|300|||||||\u00bb button_icon=\u00bb%%20%%\u00bb button_on_hover=\u00bboff\u00bb custom_margin=\u00bb0px|0px|0px|0px|true|true\u00bb custom_padding=\u00bb0px|0px|0px|0px|true|true\u00bb]<\/p>\n<p><\/p>\n<p>[\/et_pb_button][\/et_pb_column][\/et_pb_row][\/et_pb_section]<\/p>\n","protected":false},"excerpt":{"rendered":"<p>A partir de las 12 semanas de gestaci\u00f3n, los\/as expertos\/as recomiendan actividad aer\u00f3bica que no sea brusca ni competitiva. La marcha n\u00f3rdica es un deporte saludable que ayuda a las embarazadas a controlar el peso y a reforzar el sistema inmunol\u00f3gico. Adem\u00e1s, caminar con bastones aporta estabilidad y equilibrio, corrigiendo la postura, evitando la anteversi\u00f3n [&hellip;]<\/p>\n","protected":false},"author":1,"featured_media":0,"parent":0,"menu_order":0,"comment_status":"closed","ping_status":"closed","template":"","meta":{"_et_pb_use_builder":"on","_et_pb_old_content":"","_et_gb_content_width":""},"_links":{"self":[{"href":"http:\/\/nordicwalkingpalma.com\/mamis\/wp-json\/wp\/v2\/pages\/23"}],"collection":[{"href":"http:\/\/nordicwalkingpalma.com\/mamis\/wp-json\/wp\/v2\/pages"}],"about":[{"href":"http:\/\/nordicwalkingpalma.com\/mamis\/wp-json\/wp\/v2\/types\/page"}],"author":[{"embeddable":true,"href":"http:\/\/nordicwalkingpalma.com\/mamis\/wp-json\/wp\/v2\/users\/1"}],"replies":[{"embeddable":true,"href":"http:\/\/nordicwalkingpalma.com\/mamis\/wp-json\/wp\/v2\/comments?post=23"}],"version-history":[{"count":28,"href":"http:\/\/nordicwalkingpalma.com\/mamis\/wp-json\/wp\/v2\/pages\/23\/revisions"}],"predecessor-version":[{"id":599,"href":"http:\/\/nordicwalkingpalma.com\/mamis\/wp-json\/wp\/v2\/pages\/23\/revisions\/599"}],"wp:attachment":[{"href":"http:\/\/nordicwalkingpalma.com\/mamis\/wp-json\/wp\/v2\/media?parent=23"}],"curies":[{"name":"wp","href":"https:\/\/api.w.org\/{rel}","templated":true}]}}