{"id":25,"date":"2019-09-10T15:40:01","date_gmt":"2019-09-10T13:40:01","guid":{"rendered":"http:\/\/nordicwalkingpalma.com\/mamis\/?page_id=25"},"modified":"2020-08-31T13:15:28","modified_gmt":"2020-08-31T11:15:28","slug":"post-parto","status":"publish","type":"page","link":"http:\/\/nordicwalkingpalma.com\/mamis\/post-parto\/","title":{"rendered":"Post-parto"},"content":{"rendered":"<p>[et_pb_section fb_built=\u00bb1&#8243; fullwidth=\u00bbon\u00bb _builder_version=\u00bb3.17.6&#8243; background_image=\u00bbhttp:\/\/nordicwalkingpalma.com\/mamis\/wp-content\/uploads\/2019\/12\/postpart2a-1.jpg\u00bb custom_padding=\u00bb50px|0px|50px|0px\u00bb][et_pb_fullwidth_header title=\u00bbPost-parto\u00bb _builder_version=\u00bb3.17.6&#8243; title_font=\u00bbAbel|700|||||||\u00bb title_text_align=\u00bbcenter\u00bb subhead_font=\u00bb||||||||\u00bb background_color=\u00bbrgba(255,255,255,0)\u00bb button_one_text_size__hover_enabled=\u00bboff\u00bb button_two_text_size__hover_enabled=\u00bboff\u00bb button_one_text_color__hover_enabled=\u00bboff\u00bb button_two_text_color__hover_enabled=\u00bboff\u00bb button_one_border_width__hover_enabled=\u00bboff\u00bb button_two_border_width__hover_enabled=\u00bboff\u00bb button_one_border_color__hover_enabled=\u00bboff\u00bb button_two_border_color__hover_enabled=\u00bboff\u00bb button_one_border_radius__hover_enabled=\u00bboff\u00bb button_two_border_radius__hover_enabled=\u00bboff\u00bb button_one_letter_spacing__hover_enabled=\u00bboff\u00bb button_two_letter_spacing__hover_enabled=\u00bboff\u00bb button_one_bg_color__hover_enabled=\u00bboff\u00bb button_two_bg_color__hover_enabled=\u00bboff\u00bb]<br \/>\n[\/et_pb_fullwidth_header][\/et_pb_section][et_pb_section fb_built=\u00bb1&#8243; _builder_version=\u00bb3.17.6&#8243; custom_margin=\u00bb30px|0px|30px|0px|true|true\u00bb custom_padding=\u00bb29px|0px|29px|0px|true|true\u00bb][et_pb_row make_fullwidth=\u00bbon\u00bb custom_padding=\u00bb0px|0px|0px|0px|true|true\u00bb custom_margin=\u00bb0px||0px||true|true\u00bb _builder_version=\u00bb3.17.6&#8243; module_alignment=\u00bbcenter\u00bb][et_pb_column type=\u00bb4_4&#8243; _builder_version=\u00bb3.0.47&#8243; parallax=\u00bboff\u00bb parallax_method=\u00bbon\u00bb][et_pb_text _builder_version=\u00bb3.17.6&#8243; text_font=\u00bb|300|||||||\u00bb text_font_size=\u00bb16px\u00bb custom_margin=\u00bb0px|0px|0px|0px|true|true\u00bb custom_padding=\u00bb0px|0px|0px|0px|true|true\u00bb]<\/p>\n<p>La Marcha N\u00f3rdica puede practicarse desde el momento en que los\/as m\u00e9dicos\/as o matrones\/as lo autoricen, de hecho, ya lo est\u00e1n recomendando por sus numerosos beneficios.<\/p>\n<p>El nordic walking, con porteo ergon\u00f3mico y seguro, favorece el v\u00ednculo sagrado madre-hijo\/a, sin interferir negativamente en la lactancia materna. Caminando con bastones, movilizamos el 90% de la musculatura, recuperando as\u00ed el suelo p\u00e9lvico y la faja abdominal, que suelen verse perjudicados en el postparto. Adem\u00e1s, los bastones reducen el impacto.<\/p>\n<p>Este deporte, permite una recuperaci\u00f3n amable y progresiva, mejora la postura y nos ayuda a tomar consciencia corporal.<\/p>\n<p>Maternar y hacer deporte ahora es posible.<\/p>\n<h4>Nuestros hijos<\/h4>\n<p>Por lo general, es una pregunta sol\u00e9is hacer las madres: y nuestros beb\u00e9s? Nuestros beb\u00e9s van muy c\u00f3modos en el portabeb\u00e9s ergon\u00f3mico, muy en contacto con nosotras. Tenemos en cuenta la vestimenta dependiendo de la estaci\u00f3n y teniendo en cuenta nuestro calor corporal al hacer deporte. Normalmente, tienden a dormirse con el balanceo de nuestro caminar y el ritmo de los bastones. Otros Cantan, otros disfrutan del paisaje&#8230;<\/p>\n<p>Hay que tener en cuenta que cuando llegamos, damos espacio para lactar, merendar, cambiar de pa\u00f1ales, etc&#8230; Si, durante el camino es necesario parar lo hacemos sin problemas, siempre buscando el lugar m\u00e1s adecuado para hacerlo.<\/p>\n<p>Durante la clase, se crea un v\u00ednculo maravilloso donde el beb\u00e9 est\u00e1 a gusto y la madre puede relajarse y disfrutar haciendo este deporte tan saludable y compartiendo conversaciones con otras madres en la misma situaci\u00f3n.<\/p>\n<p>&nbsp;<\/p>\n<p>[\/et_pb_text][\/et_pb_column][\/et_pb_row][\/et_pb_section][et_pb_section fb_built=\u00bb1&#8243; _builder_version=\u00bb3.17.6&#8243; custom_margin=\u00bb30px|30px|30px|0px\u00bb custom_padding=\u00bb0px|0px|0px|0px|true|true\u00bb][et_pb_row make_fullwidth=\u00bbon\u00bb custom_padding=\u00bb0px|0px|0px|0px|true|true\u00bb custom_margin=\u00bb0px||0px||true|true\u00bb padding_top_bottom_link_1=\u00bbtrue\u00bb padding_left_right_link_1=\u00bbtrue\u00bb padding_top_1=\u00bb0px\u00bb padding_right_1=\u00bb0px\u00bb padding_bottom_1=\u00bb0px\u00bb padding_left_1=\u00bb0px\u00bb _builder_version=\u00bb3.17.6&#8243; module_alignment=\u00bbcenter\u00bb][et_pb_column type=\u00bb4_4&#8243; _builder_version=\u00bb3.0.47&#8243; padding_bottom=\u00bb0px\u00bb padding_left=\u00bb0px\u00bb padding_right=\u00bb0px\u00bb padding_top=\u00bb0px\u00bb parallax=\u00bboff\u00bb parallax_method=\u00bbon\u00bb][et_pb_button button_url=\u00bbhttp:\/\/nordicwalkingpalma.com\/mamis\/contacto\/\u00bb button_text=\u00bbPide m\u00e1s informaci\u00f3n\u00bb button_alignment=\u00bbleft\u00bb _builder_version=\u00bb3.17.6&#8243; custom_button=\u00bbon\u00bb button_border_width=\u00bb0px\u00bb button_border_radius=\u00bb0px\u00bb button_font=\u00bb|300|||||||\u00bb button_icon=\u00bb%%20%%\u00bb button_on_hover=\u00bboff\u00bb custom_margin=\u00bb0px|0px|0px|0px|true|true\u00bb custom_padding=\u00bb0px|0px|0px|0px|true|true\u00bb]<br \/>\n[\/et_pb_button][\/et_pb_column][\/et_pb_row][\/et_pb_section]<\/p>\n","protected":false},"excerpt":{"rendered":"<p>La Marcha N\u00f3rdica puede practicarse desde el momento en que los\/as m\u00e9dicos\/as o matrones\/as lo autoricen, de hecho, ya lo est\u00e1n recomendando por sus numerosos beneficios. El nordic walking, con porteo ergon\u00f3mico y seguro, favorece el v\u00ednculo sagrado madre-hijo\/a, sin interferir negativamente en la lactancia materna. Caminando con bastones, movilizamos el 90% de la musculatura, [&hellip;]<\/p>\n","protected":false},"author":1,"featured_media":0,"parent":0,"menu_order":0,"comment_status":"closed","ping_status":"closed","template":"","meta":{"_et_pb_use_builder":"on","_et_pb_old_content":"","_et_gb_content_width":""},"_links":{"self":[{"href":"http:\/\/nordicwalkingpalma.com\/mamis\/wp-json\/wp\/v2\/pages\/25"}],"collection":[{"href":"http:\/\/nordicwalkingpalma.com\/mamis\/wp-json\/wp\/v2\/pages"}],"about":[{"href":"http:\/\/nordicwalkingpalma.com\/mamis\/wp-json\/wp\/v2\/types\/page"}],"author":[{"embeddable":true,"href":"http:\/\/nordicwalkingpalma.com\/mamis\/wp-json\/wp\/v2\/users\/1"}],"replies":[{"embeddable":true,"href":"http:\/\/nordicwalkingpalma.com\/mamis\/wp-json\/wp\/v2\/comments?post=25"}],"version-history":[{"count":19,"href":"http:\/\/nordicwalkingpalma.com\/mamis\/wp-json\/wp\/v2\/pages\/25\/revisions"}],"predecessor-version":[{"id":600,"href":"http:\/\/nordicwalkingpalma.com\/mamis\/wp-json\/wp\/v2\/pages\/25\/revisions\/600"}],"wp:attachment":[{"href":"http:\/\/nordicwalkingpalma.com\/mamis\/wp-json\/wp\/v2\/media?parent=25"}],"curies":[{"name":"wp","href":"https:\/\/api.w.org\/{rel}","templated":true}]}}