{"id":351,"date":"2019-12-17T17:01:21","date_gmt":"2019-12-17T16:01:21","guid":{"rendered":"http:\/\/nordicwalkingpalma.com\/mamis\/?page_id=351"},"modified":"2020-08-31T14:13:05","modified_gmt":"2020-08-31T12:13:05","slug":"grupos","status":"publish","type":"page","link":"http:\/\/nordicwalkingpalma.com\/mamis\/grupos\/","title":{"rendered":"Grupos"},"content":{"rendered":"<p>[et_pb_section fb_built=\u00bb1&#8243; fullwidth=\u00bbon\u00bb _builder_version=\u00bb3.17.6&#8243; background_image=\u00bbhttp:\/\/nordicwalkingpalma.com\/mamis\/wp-content\/uploads\/2019\/12\/Grupos.jpg\u00bb border_color_all=\u00bb#ffffff\u00bb border_style_all=\u00bbnone\u00bb custom_margin=\u00bb30px|0px|30px|0px|true|true\u00bb custom_padding=\u00bb50px|0px|50px|0px|true|true\u00bb top_divider_height=\u00bb0px\u00bb][et_pb_fullwidth_header title=\u00bbGrupos\u00bb _builder_version=\u00bb3.17.6&#8243; title_font=\u00bbAbel|700|||||||\u00bb title_text_align=\u00bbcenter\u00bb background_color=\u00bbrgba(255,255,255,0)\u00bb button_one_text_size__hover_enabled=\u00bboff\u00bb button_two_text_size__hover_enabled=\u00bboff\u00bb button_one_text_color__hover_enabled=\u00bboff\u00bb button_two_text_color__hover_enabled=\u00bboff\u00bb button_one_border_width__hover_enabled=\u00bboff\u00bb button_two_border_width__hover_enabled=\u00bboff\u00bb button_one_border_color__hover_enabled=\u00bboff\u00bb button_two_border_color__hover_enabled=\u00bboff\u00bb button_one_border_radius__hover_enabled=\u00bboff\u00bb button_two_border_radius__hover_enabled=\u00bboff\u00bb button_one_letter_spacing__hover_enabled=\u00bboff\u00bb button_two_letter_spacing__hover_enabled=\u00bboff\u00bb button_one_bg_color__hover_enabled=\u00bboff\u00bb button_two_bg_color__hover_enabled=\u00bboff\u00bb]<br \/>\n[\/et_pb_fullwidth_header][\/et_pb_section][et_pb_section fb_built=\u00bb1&#8243; _builder_version=\u00bb3.17.6&#8243; custom_margin=\u00bb30px|0px|30px|0px|true|true\u00bb custom_padding=\u00bb30px|0px|30px|0px|true|true\u00bb][et_pb_row make_fullwidth=\u00bbon\u00bb custom_padding=\u00bb8px|0px|8px|0px|true|true\u00bb custom_margin=\u00bb0px||0px||true\u00bb padding_top_bottom_link_1=\u00bbtrue\u00bb padding_left_right_link_1=\u00bbtrue\u00bb padding_top_1=\u00bb0px\u00bb padding_right_1=\u00bb0px\u00bb padding_bottom_1=\u00bb0px\u00bb padding_left_1=\u00bb0px\u00bb _builder_version=\u00bb3.17.6&#8243; module_alignment=\u00bbcenter\u00bb][et_pb_column type=\u00bb1_3&#8243; _builder_version=\u00bb3.0.47&#8243; padding_bottom=\u00bb0px\u00bb padding_left=\u00bb0px\u00bb padding_right=\u00bb0px\u00bb padding_top=\u00bb0px\u00bb parallax=\u00bboff\u00bb parallax_method=\u00bbon\u00bb][et_pb_text _builder_version=\u00bb3.17.6&#8243; text_font=\u00bb|300|||||||\u00bb text_font_size=\u00bb16px\u00bb custom_margin=\u00bb0px|0px|0px|0px|true|true\u00bb custom_padding=\u00bb0px|0px|0px|0px|true|true\u00bb]<\/p>\n<p><strong>Sesi\u00f3n tardes<\/strong><\/p>\n<p>Viernes las 17: 30h<\/p>\n<p><strong>Sesi\u00f3n ma\u00f1anas<\/strong><\/p>\n<p>Viernes a las 10: 30h<\/p>\n<p>&nbsp;<\/p>\n<p>[\/et_pb_text][\/et_pb_column][et_pb_column type=\u00bb1_3&#8243; _builder_version=\u00bb3.0.47&#8243; parallax=\u00bboff\u00bb parallax_method=\u00bbon\u00bb][et_pb_text _builder_version=\u00bb3.17.6&#8243; text_font=\u00bb|300|||||||\u00bb text_font_size=\u00bb16px\u00bb custom_margin=\u00bb0px|0px|0px|0px|true|true\u00bb custom_padding=\u00bb0px|0px|0px|0px|true|true\u00bb]<\/p>\n<p><strong>Punto de encuentro<\/strong><\/p>\n<p>Consultar el \u00faltimo cartel aqu\u00ed<\/p>\n<p>&nbsp;<\/p>\n<p>[\/et_pb_text][\/et_pb_column][et_pb_column type=\u00bb1_3&#8243; _builder_version=\u00bb3.0.47&#8243; parallax=\u00bboff\u00bb parallax_method=\u00bbon\u00bb][et_pb_text _builder_version=\u00bb3.17.6&#8243; text_font=\u00bb|300|||||||\u00bb text_font_size=\u00bb16px\u00bb custom_margin=\u00bb0px|0px|0px|0px|true|true\u00bb custom_padding=\u00bb0px|0px|0px|0px|true|true\u00bb]<\/p>\n<p><strong>Contacta con nosotros<\/strong><\/p>\n<p><a href=\"http:\/\/nordicwalkingpalma.com\/mamis\/2019\/09\/03\/inici-curs-mamis-en-marxa-2019-2020\/mamisenmarxa@nordicwalkingpalma.com%C3%A7\">mamisenmarxa@nordicwalkingpalma.com<\/a><\/p>\n<p>Tel\u00e9fono: 653.688.983<\/p>\n<p>WhatsApp: 655.267.620<\/p>\n<p>[\/et_pb_text][\/et_pb_column][\/et_pb_row][\/et_pb_section][et_pb_section fb_built=\u00bb1&#8243; _builder_version=\u00bb3.17.6&#8243; module_alignment=\u00bbcenter\u00bb custom_margin=\u00bb0px|0px|30px|0px|false|true\u00bb custom_padding=\u00bb0px|0px|0px|0px|true|true\u00bb][et_pb_row make_fullwidth=\u00bbon\u00bb custom_padding=\u00bb0px|0px|0px|0px|true|true\u00bb custom_margin=\u00bb0px||0px||true|true\u00bb padding_top_bottom_link_1=\u00bbtrue\u00bb padding_left_right_link_1=\u00bbtrue\u00bb padding_top_1=\u00bb0px\u00bb padding_right_1=\u00bb0px\u00bb padding_bottom_1=\u00bb0px\u00bb padding_left_1=\u00bb0px\u00bb _builder_version=\u00bb3.17.6&#8243; module_alignment=\u00bbcenter\u00bb][et_pb_column type=\u00bb4_4&#8243; _builder_version=\u00bb3.0.47&#8243; padding_bottom=\u00bb0px\u00bb padding_left=\u00bb0px\u00bb padding_right=\u00bb0px\u00bb padding_top=\u00bb0px\u00bb parallax=\u00bboff\u00bb parallax_method=\u00bbon\u00bb][et_pb_button button_url=\u00bbhttp:\/\/nordicwalkingpalma.com\/mamis\/contacto\/\u00bb button_text=\u00bbPide m\u00e1s informaci\u00f3n\u00bb button_alignment=\u00bbleft\u00bb _builder_version=\u00bb3.17.6&#8243; custom_button=\u00bbon\u00bb button_border_width=\u00bb0px\u00bb button_border_radius=\u00bb0px\u00bb button_font=\u00bb|300|||||||\u00bb button_icon=\u00bb%%20%%\u00bb button_on_hover=\u00bboff\u00bb custom_margin=\u00bb0px|0px|0px|0px|true|true\u00bb custom_padding=\u00bb0px|0px|0px|0px|true|true\u00bb]<br \/>\n[\/et_pb_button][\/et_pb_column][\/et_pb_row][\/et_pb_section]<\/p>\n","protected":false},"excerpt":{"rendered":"<p>Sesi\u00f3n tardes Viernes las 17: 30h Sesi\u00f3n ma\u00f1anas Viernes a las 10: 30h &nbsp;Punto de encuentro Consultar el \u00faltimo cartel aqu\u00ed &nbsp;Contacta con nosotros mamisenmarxa@nordicwalkingpalma.com Tel\u00e9fono: 653.688.983 WhatsApp: 655.267.620<\/p>\n","protected":false},"author":1,"featured_media":0,"parent":0,"menu_order":0,"comment_status":"closed","ping_status":"closed","template":"","meta":{"_et_pb_use_builder":"on","_et_pb_old_content":"","_et_gb_content_width":""},"_links":{"self":[{"href":"http:\/\/nordicwalkingpalma.com\/mamis\/wp-json\/wp\/v2\/pages\/351"}],"collection":[{"href":"http:\/\/nordicwalkingpalma.com\/mamis\/wp-json\/wp\/v2\/pages"}],"about":[{"href":"http:\/\/nordicwalkingpalma.com\/mamis\/wp-json\/wp\/v2\/types\/page"}],"author":[{"embeddable":true,"href":"http:\/\/nordicwalkingpalma.com\/mamis\/wp-json\/wp\/v2\/users\/1"}],"replies":[{"embeddable":true,"href":"http:\/\/nordicwalkingpalma.com\/mamis\/wp-json\/wp\/v2\/comments?post=351"}],"version-history":[{"count":8,"href":"http:\/\/nordicwalkingpalma.com\/mamis\/wp-json\/wp\/v2\/pages\/351\/revisions"}],"predecessor-version":[{"id":603,"href":"http:\/\/nordicwalkingpalma.com\/mamis\/wp-json\/wp\/v2\/pages\/351\/revisions\/603"}],"wp:attachment":[{"href":"http:\/\/nordicwalkingpalma.com\/mamis\/wp-json\/wp\/v2\/media?parent=351"}],"curies":[{"name":"wp","href":"https:\/\/api.w.org\/{rel}","templated":true}]}}